{"id":22,"date":"2025-09-27T08:27:56","date_gmt":"2025-09-27T08:27:56","guid":{"rendered":"https:\/\/staging.atomic.games\/?page_id=22"},"modified":"2025-09-27T09:07:57","modified_gmt":"2025-09-27T09:07:57","slug":"home-2026","status":"publish","type":"page","link":"https:\/\/staging.atomic.games\/","title":{"rendered":"Home 2026"},"content":{"rendered":"\n<style type=\"text\/css\" data-created_by=\"avia_inline_auto\" id=\"style-css-av-mg21bai6-50a0f34886d0585086f85344972bc01b\">\n#top .av-special-heading.av-mg21bai6-50a0f34886d0585086f85344972bc01b{\npadding-bottom:10px;\n}\nbody .av-special-heading.av-mg21bai6-50a0f34886d0585086f85344972bc01b .av-special-heading-tag .heading-char{\nfont-size:25px;\n}\n.av-special-heading.av-mg21bai6-50a0f34886d0585086f85344972bc01b .av-subheading{\nfont-size:15px;\n}\n<\/style>\n<div  class='av-special-heading av-mg21bai6-50a0f34886d0585086f85344972bc01b av-special-heading-h2 blockquote modern-quote modern-centered  avia-builder-el-0  el_before_av_section  avia-builder-el-no-sibling '><h2 class='av-special-heading-tag '  itemprop=\"headline\"  >Les jeux d\u2019Atomic Games<\/h2><div class=\"special-heading-border\"><div class=\"special-heading-inner-border\"><\/div><\/div><\/div>\n<\/div><\/div><\/div><!-- close content main div --><\/div><\/div><div id='av_section_1'  class='avia-section av-4q7n2-125f812ec8cbd3480f78fa1e78a75262 main_color avia-section-default avia-no-border-styling  avia-builder-el-1  el_after_av_heading  el_before_av_section  avia-bg-style-scroll container_wrap fullsize'  ><div class='container av-section-cont-open' ><div class='template-page content  av-content-full alpha units'><div class='post-entry post-entry-type-page post-entry-22'><div class='entry-content-wrapper clearfix'>\n<div  class='flex_column av-3n90m-71ac8eef0e19604f880046e6aa854eee av_one_third  avia-builder-el-2  el_before_av_one_third  avia-builder-el-first  first flex_column_div  '     ><style type=\"text\/css\" data-created_by=\"avia_inline_auto\" id=\"style-css-av-mg20bm0w-b431e50194b91f890bf49a13f8b3ff13\">\n.avia-image-container.av-mg20bm0w-b431e50194b91f890bf49a13f8b3ff13 img.avia_image{\nbox-shadow:none;\n}\n.avia-image-container.av-mg20bm0w-b431e50194b91f890bf49a13f8b3ff13 .av-image-caption-overlay-center{\ncolor:#ffffff;\n}\n<\/style>\n<div  class='avia-image-container av-mg20bm0w-b431e50194b91f890bf49a13f8b3ff13 av-styling- avia-align-center  avia-builder-el-3  avia-builder-el-no-sibling '   itemprop=\"image\" itemscope=\"itemscope\" itemtype=\"https:\/\/schema.org\/ImageObject\" ><div class=\"avia-image-container-inner\"><div class=\"avia-image-overlay-wrap\"><img decoding=\"async\" fetchpriority=\"high\" class='wp-image-27 avia-img-lazy-loading-not-27 avia_image ' src=\"https:\/\/staging.atomic.games\/wp-content\/uploads\/2025\/09\/Leritaz-packshot-jeu-et-livre-450x450.jpg.webp\" alt='' title='Leritaz-packshot-jeu-et-livre--450x450.jpg'  height=\"450\" width=\"450\"  itemprop=\"thumbnailUrl\" srcset=\"https:\/\/staging.atomic.games\/wp-content\/uploads\/2025\/09\/Leritaz-packshot-jeu-et-livre-450x450.jpg.webp 450w, https:\/\/staging.atomic.games\/wp-content\/uploads\/2025\/09\/Leritaz-packshot-jeu-et-livre-450x450.jpg-300x300.webp 300w, https:\/\/staging.atomic.games\/wp-content\/uploads\/2025\/09\/Leritaz-packshot-jeu-et-livre-450x450.jpg-80x80.webp 80w, https:\/\/staging.atomic.games\/wp-content\/uploads\/2025\/09\/Leritaz-packshot-jeu-et-livre-450x450.jpg-36x36.webp 36w, https:\/\/staging.atomic.games\/wp-content\/uploads\/2025\/09\/Leritaz-packshot-jeu-et-livre-450x450.jpg-180x180.webp 180w, https:\/\/staging.atomic.games\/wp-content\/uploads\/2025\/09\/Leritaz-packshot-jeu-et-livre-450x450.jpg-120x120.webp 120w, https:\/\/staging.atomic.games\/wp-content\/uploads\/2025\/09\/Leritaz-packshot-jeu-et-livre-450x450.jpg-100x100.webp 100w\" sizes=\"(max-width: 450px) 100vw, 450px\" \/><\/div><\/div><\/div><\/div><div  class='flex_column av-3hacu-5601842e510ec8db76341e6a35b77ade av_one_third  avia-builder-el-4  el_after_av_one_third  el_before_av_one_third  flex_column_div  '     ><style type=\"text\/css\" data-created_by=\"avia_inline_auto\" id=\"style-css-av-mg20c0uw-12046a843724ab3512dc072f8ddf4bdf\">\n.avia-image-container.av-mg20c0uw-12046a843724ab3512dc072f8ddf4bdf img.avia_image{\nbox-shadow:none;\n}\n.avia-image-container.av-mg20c0uw-12046a843724ab3512dc072f8ddf4bdf .av-image-caption-overlay-center{\ncolor:#ffffff;\n}\n<\/style>\n<div  class='avia-image-container av-mg20c0uw-12046a843724ab3512dc072f8ddf4bdf av-styling- avia-align-center  avia-builder-el-5  avia-builder-el-no-sibling '   itemprop=\"image\" itemscope=\"itemscope\" itemtype=\"https:\/\/schema.org\/ImageObject\" ><div class=\"avia-image-container-inner\"><div class=\"avia-image-overlay-wrap\"><img decoding=\"async\" fetchpriority=\"high\" class='wp-image-28 avia-img-lazy-loading-not-28 avia_image ' src=\"https:\/\/staging.atomic.games\/wp-content\/uploads\/2025\/09\/Pa-mwa-sa-li-sa-Product-450x450.jpg.webp\" alt='' title='Pa-mwa-sa-li-sa-Product-450x450.jpg'  height=\"450\" width=\"450\"  itemprop=\"thumbnailUrl\" srcset=\"https:\/\/staging.atomic.games\/wp-content\/uploads\/2025\/09\/Pa-mwa-sa-li-sa-Product-450x450.jpg.webp 450w, https:\/\/staging.atomic.games\/wp-content\/uploads\/2025\/09\/Pa-mwa-sa-li-sa-Product-450x450.jpg-300x300.webp 300w, https:\/\/staging.atomic.games\/wp-content\/uploads\/2025\/09\/Pa-mwa-sa-li-sa-Product-450x450.jpg-80x80.webp 80w, https:\/\/staging.atomic.games\/wp-content\/uploads\/2025\/09\/Pa-mwa-sa-li-sa-Product-450x450.jpg-36x36.webp 36w, https:\/\/staging.atomic.games\/wp-content\/uploads\/2025\/09\/Pa-mwa-sa-li-sa-Product-450x450.jpg-180x180.webp 180w, https:\/\/staging.atomic.games\/wp-content\/uploads\/2025\/09\/Pa-mwa-sa-li-sa-Product-450x450.jpg-120x120.webp 120w, https:\/\/staging.atomic.games\/wp-content\/uploads\/2025\/09\/Pa-mwa-sa-li-sa-Product-450x450.jpg-100x100.webp 100w\" sizes=\"(max-width: 450px) 100vw, 450px\" \/><\/div><\/div><\/div><\/div><div  class='flex_column av-2x7qy-4c54a80e6c6751d2b8fa24f2654e8f0b av_one_third  avia-builder-el-6  el_after_av_one_third  el_before_av_one_third  flex_column_div  '     ><style type=\"text\/css\" data-created_by=\"avia_inline_auto\" id=\"style-css-av-mg20c6j0-3e0e16f4c49fbb7cd3876214aa58a86c\">\n.avia-image-container.av-mg20c6j0-3e0e16f4c49fbb7cd3876214aa58a86c img.avia_image{\nbox-shadow:none;\n}\n.avia-image-container.av-mg20c6j0-3e0e16f4c49fbb7cd3876214aa58a86c .av-image-caption-overlay-center{\ncolor:#ffffff;\n}\n<\/style>\n<div  class='avia-image-container av-mg20c6j0-3e0e16f4c49fbb7cd3876214aa58a86c av-styling- avia-align-center  avia-builder-el-7  avia-builder-el-no-sibling '   itemprop=\"image\" itemscope=\"itemscope\" itemtype=\"https:\/\/schema.org\/ImageObject\" ><div class=\"avia-image-container-inner\"><div class=\"avia-image-overlay-wrap\"><img decoding=\"async\" fetchpriority=\"high\" class='wp-image-25 avia-img-lazy-loading-not-25 avia_image ' src=\"https:\/\/staging.atomic.games\/wp-content\/uploads\/2025\/09\/225591802_341845047641088_84118266763253523_n-450x450.jpg.webp\" alt='' title='225591802_341845047641088_84118266763253523_n-450x450.jpg'  height=\"450\" width=\"450\"  itemprop=\"thumbnailUrl\" srcset=\"https:\/\/staging.atomic.games\/wp-content\/uploads\/2025\/09\/225591802_341845047641088_84118266763253523_n-450x450.jpg.webp 450w, https:\/\/staging.atomic.games\/wp-content\/uploads\/2025\/09\/225591802_341845047641088_84118266763253523_n-450x450.jpg-300x300.webp 300w, https:\/\/staging.atomic.games\/wp-content\/uploads\/2025\/09\/225591802_341845047641088_84118266763253523_n-450x450.jpg-80x80.webp 80w, https:\/\/staging.atomic.games\/wp-content\/uploads\/2025\/09\/225591802_341845047641088_84118266763253523_n-450x450.jpg-36x36.webp 36w, https:\/\/staging.atomic.games\/wp-content\/uploads\/2025\/09\/225591802_341845047641088_84118266763253523_n-450x450.jpg-180x180.webp 180w, https:\/\/staging.atomic.games\/wp-content\/uploads\/2025\/09\/225591802_341845047641088_84118266763253523_n-450x450.jpg-120x120.webp 120w, https:\/\/staging.atomic.games\/wp-content\/uploads\/2025\/09\/225591802_341845047641088_84118266763253523_n-450x450.jpg-100x100.webp 100w\" sizes=\"(max-width: 450px) 100vw, 450px\" \/><\/div><\/div><\/div><\/div><div  class='flex_column av-208ha-20591a08dc7fc9f5fa74d5edf252cb8a av_one_third  avia-builder-el-8  el_after_av_one_third  el_before_av_one_third  first flex_column_div  column-top-margin'     ><style type=\"text\/css\" data-created_by=\"avia_inline_auto\" id=\"style-css-av-mg20cdbr-21a235010495d806ca99eb8003759115\">\n.avia-image-container.av-mg20cdbr-21a235010495d806ca99eb8003759115 img.avia_image{\nbox-shadow:none;\n}\n.avia-image-container.av-mg20cdbr-21a235010495d806ca99eb8003759115 .av-image-caption-overlay-center{\ncolor:#ffffff;\n}\n<\/style>\n<div  class='avia-image-container av-mg20cdbr-21a235010495d806ca99eb8003759115 av-styling- avia-align-center  avia-builder-el-9  avia-builder-el-no-sibling '   itemprop=\"image\" itemscope=\"itemscope\" itemtype=\"https:\/\/schema.org\/ImageObject\" ><div class=\"avia-image-container-inner\"><div class=\"avia-image-overlay-wrap\"><img decoding=\"async\" fetchpriority=\"high\" class='wp-image-23 avia-img-lazy-loading-not-23 avia_image ' src=\"https:\/\/staging.atomic.games\/wp-content\/uploads\/2025\/09\/116717805_2584141065139106_6099787697778573564_n-450x450.jpg.webp\" alt='' title='116717805_2584141065139106_6099787697778573564_n-450x450.jpg'  height=\"450\" width=\"450\"  itemprop=\"thumbnailUrl\" srcset=\"https:\/\/staging.atomic.games\/wp-content\/uploads\/2025\/09\/116717805_2584141065139106_6099787697778573564_n-450x450.jpg.webp 450w, https:\/\/staging.atomic.games\/wp-content\/uploads\/2025\/09\/116717805_2584141065139106_6099787697778573564_n-450x450.jpg-300x300.webp 300w, https:\/\/staging.atomic.games\/wp-content\/uploads\/2025\/09\/116717805_2584141065139106_6099787697778573564_n-450x450.jpg-80x80.webp 80w, https:\/\/staging.atomic.games\/wp-content\/uploads\/2025\/09\/116717805_2584141065139106_6099787697778573564_n-450x450.jpg-36x36.webp 36w, https:\/\/staging.atomic.games\/wp-content\/uploads\/2025\/09\/116717805_2584141065139106_6099787697778573564_n-450x450.jpg-180x180.webp 180w, https:\/\/staging.atomic.games\/wp-content\/uploads\/2025\/09\/116717805_2584141065139106_6099787697778573564_n-450x450.jpg-120x120.webp 120w, https:\/\/staging.atomic.games\/wp-content\/uploads\/2025\/09\/116717805_2584141065139106_6099787697778573564_n-450x450.jpg-100x100.webp 100w\" sizes=\"(max-width: 450px) 100vw, 450px\" \/><\/div><\/div><\/div><\/div><div  class='flex_column av-1k6jq-f54992b96fb1516197f2a0352e4aff38 av_one_third  avia-builder-el-10  el_after_av_one_third  el_before_av_one_third  flex_column_div  column-top-margin'     ><style type=\"text\/css\" data-created_by=\"avia_inline_auto\" id=\"style-css-av-mg20ckcv-93cb557a6f92e13ebc2a3d4d121449ba\">\n.avia-image-container.av-mg20ckcv-93cb557a6f92e13ebc2a3d4d121449ba img.avia_image{\nbox-shadow:none;\n}\n.avia-image-container.av-mg20ckcv-93cb557a6f92e13ebc2a3d4d121449ba .av-image-caption-overlay-center{\ncolor:#ffffff;\n}\n<\/style>\n<div  class='avia-image-container av-mg20ckcv-93cb557a6f92e13ebc2a3d4d121449ba av-styling- avia-align-center  avia-builder-el-11  avia-builder-el-no-sibling '   itemprop=\"image\" itemscope=\"itemscope\" itemtype=\"https:\/\/schema.org\/ImageObject\" ><div class=\"avia-image-container-inner\"><div class=\"avia-image-overlay-wrap\"><img decoding=\"async\" fetchpriority=\"high\" class='wp-image-24 avia-img-lazy-loading-not-24 avia_image ' src=\"https:\/\/staging.atomic.games\/wp-content\/uploads\/2025\/09\/120395905_1467743300102213_8258118413568382027_n-450x450.jpg.webp\" alt='' title='120395905_1467743300102213_8258118413568382027_n-450x450.jpg'  height=\"450\" width=\"450\"  itemprop=\"thumbnailUrl\" srcset=\"https:\/\/staging.atomic.games\/wp-content\/uploads\/2025\/09\/120395905_1467743300102213_8258118413568382027_n-450x450.jpg.webp 450w, https:\/\/staging.atomic.games\/wp-content\/uploads\/2025\/09\/120395905_1467743300102213_8258118413568382027_n-450x450.jpg-300x300.webp 300w, https:\/\/staging.atomic.games\/wp-content\/uploads\/2025\/09\/120395905_1467743300102213_8258118413568382027_n-450x450.jpg-80x80.webp 80w, https:\/\/staging.atomic.games\/wp-content\/uploads\/2025\/09\/120395905_1467743300102213_8258118413568382027_n-450x450.jpg-36x36.webp 36w, https:\/\/staging.atomic.games\/wp-content\/uploads\/2025\/09\/120395905_1467743300102213_8258118413568382027_n-450x450.jpg-180x180.webp 180w, https:\/\/staging.atomic.games\/wp-content\/uploads\/2025\/09\/120395905_1467743300102213_8258118413568382027_n-450x450.jpg-120x120.webp 120w, https:\/\/staging.atomic.games\/wp-content\/uploads\/2025\/09\/120395905_1467743300102213_8258118413568382027_n-450x450.jpg-100x100.webp 100w\" sizes=\"(max-width: 450px) 100vw, 450px\" \/><\/div><\/div><\/div><\/div><div  class='flex_column av-10tse-388dcfd3669c72458b96109f9141eef7 av_one_third  avia-builder-el-12  el_after_av_one_third  avia-builder-el-last  flex_column_div  column-top-margin'     ><style type=\"text\/css\" data-created_by=\"avia_inline_auto\" id=\"style-css-av-mg20crdj-cf18cdc7b069e340ffb75b044135cee4\">\n.avia-image-container.av-mg20crdj-cf18cdc7b069e340ffb75b044135cee4 img.avia_image{\nbox-shadow:none;\n}\n.avia-image-container.av-mg20crdj-cf18cdc7b069e340ffb75b044135cee4 .av-image-caption-overlay-center{\ncolor:#ffffff;\n}\n<\/style>\n<div  class='avia-image-container av-mg20crdj-cf18cdc7b069e340ffb75b044135cee4 av-styling- avia-align-center  avia-builder-el-13  avia-builder-el-no-sibling '   itemprop=\"image\" itemscope=\"itemscope\" itemtype=\"https:\/\/schema.org\/ImageObject\" ><div class=\"avia-image-container-inner\"><div class=\"avia-image-overlay-wrap\"><img decoding=\"async\" fetchpriority=\"high\" class='wp-image-26 avia-img-lazy-loading-not-26 avia_image ' src=\"https:\/\/staging.atomic.games\/wp-content\/uploads\/2025\/09\/box-shot_n-450x450.jpg.webp\" alt='' title='box-shot_n-450x450.jpg'  height=\"450\" width=\"450\"  itemprop=\"thumbnailUrl\" srcset=\"https:\/\/staging.atomic.games\/wp-content\/uploads\/2025\/09\/box-shot_n-450x450.jpg.webp 450w, https:\/\/staging.atomic.games\/wp-content\/uploads\/2025\/09\/box-shot_n-450x450.jpg-300x300.webp 300w, https:\/\/staging.atomic.games\/wp-content\/uploads\/2025\/09\/box-shot_n-450x450.jpg-80x80.webp 80w, https:\/\/staging.atomic.games\/wp-content\/uploads\/2025\/09\/box-shot_n-450x450.jpg-36x36.webp 36w, https:\/\/staging.atomic.games\/wp-content\/uploads\/2025\/09\/box-shot_n-450x450.jpg-180x180.webp 180w, https:\/\/staging.atomic.games\/wp-content\/uploads\/2025\/09\/box-shot_n-450x450.jpg-120x120.webp 120w, https:\/\/staging.atomic.games\/wp-content\/uploads\/2025\/09\/box-shot_n-450x450.jpg-100x100.webp 100w\" sizes=\"(max-width: 450px) 100vw, 450px\" \/><\/div><\/div><\/div><\/div>\n\n<\/div><\/div><\/div><!-- close content main div --><\/div><\/div><div id='av_section_2'  class='avia-section av-4xavy-15ebbda5a7fc7e9220bba19a9208a130 main_color avia-section-default avia-no-border-styling  avia-builder-el-14  el_after_av_section  avia-builder-el-last  avia-bg-style-scroll container_wrap fullsize'  ><div class='container av-section-cont-open' ><div class='template-page content  av-content-full alpha units'><div class='post-entry post-entry-type-page post-entry-22'><div class='entry-content-wrapper clearfix'>\n\n<style type=\"text\/css\" data-created_by=\"avia_inline_auto\" id=\"style-css-av-mg21cjt2-a684445d5221574b6a03f5e8e3b83cd5\">\n#top .av-special-heading.av-mg21cjt2-a684445d5221574b6a03f5e8e3b83cd5{\npadding-bottom:10px;\n}\nbody .av-special-heading.av-mg21cjt2-a684445d5221574b6a03f5e8e3b83cd5 .av-special-heading-tag .heading-char{\nfont-size:25px;\n}\n.av-special-heading.av-mg21cjt2-a684445d5221574b6a03f5e8e3b83cd5 .av-subheading{\nfont-size:15px;\n}\n<\/style>\n<div  class='av-special-heading av-mg21cjt2-a684445d5221574b6a03f5e8e3b83cd5 av-special-heading-h2 blockquote modern-quote modern-centered  avia-builder-el-15  el_before_av_textblock  avia-builder-el-first '><h2 class='av-special-heading-tag '  itemprop=\"headline\"  >O\u00f9 les trouver !<\/h2><div class='av-subheading av-subheading_below'><p>En ligne et en magazin !<\/p>\n<\/div><div class=\"special-heading-border\"><div class=\"special-heading-inner-border\"><\/div><\/div><\/div>\n<section  class='av_textblock_section av-mg21qi2t-16c4d4a31febe4a19d292c1974cdf8ba '   itemscope=\"itemscope\" itemtype=\"https:\/\/schema.org\/CreativeWork\" ><div class='avia_textblock'  itemprop=\"text\" ><section class=\"av_textblock_section av-5wjqgc-dc571e4fc7106a5e3e869663d25d6e2a \">\n<div class=\"avia_textblock\">\n<p style=\"text-align: center;\">Visitez l\u2019un des points de vente de nos partenaires pour trouver nos jeux.<\/p>\n<p style=\"text-align: center;\">Vous pouvez aussi commander en ligne sur notre site et nous vous livrons \u00e0 Maurice, la R\u00e9union et en France m\u00e9tropolitaine \ud83d\ude42<\/p>\n<p style=\"text-align: center;\">Pour les livraisons internationales et les cadeaux d\u2019entreprise, merci de nous\u00a0<a href=\"mailto:contact@atomic.games\">contacter<\/a>.<\/p>\n<\/div>\n<\/section>\n<div class=\"avia-logo-element-container av-kmen8jk7-659f6a32e5b9615a70fd310630af2432 av-border-deactivate avia-logo-grid avia-content-slider avia-smallarrow-slider avia-content-grid-active noHover avia-content-slider-even  avia-builder-el-18  el_after_av_textblock  avia-builder-el-last  avia-content-slider1\">\n<div class=\"avia-smallarrow-slider-heading  no-logo-slider-heading \">\n<div class=\"new-special-heading\" style=\"text-align: center;\"><\/div>\n<\/div>\n<\/div>\n<\/div><\/section>\n\n<style type=\"text\/css\" data-created_by=\"avia_inline_auto\" id=\"style-css-av-mg21oa2u-b60ff312a34c7207f3064cc488380fbf\">\n.avia-logo-element-container.av-mg21oa2u-b60ff312a34c7207f3064cc488380fbf .av-partner-fake-img{\nbackground-size:cover;\n}\n<\/style>\n<div  class='avia-logo-element-container av-mg21oa2u-b60ff312a34c7207f3064cc488380fbf avia-logo-grid avia-content-slider avia-smallarrow-slider avia-content-grid-active noHover avia-content-slider-odd  avia-builder-el-17  el_after_av_textblock  avia-builder-el-last  avia-content-slider1' ><div class='avia-smallarrow-slider-heading  no-logo-slider-heading '><\/div><div class=\"avia-content-slider-inner\"><div class=\"slide-entry-wrap\"><div  class='slide-entry av-131f2-f5f4251defcbe1f123f1c7bdb172768f flex_column no_margin av_one_seventh real-thumbnail post-entry slide-entry-overview slide-loop-1 slide-parity-odd  first'><span class='av-partner-fake-img' style='padding-bottom:100%; background-image:url(https:\/\/staging.atomic.games\/wp-content\/uploads\/2025\/09\/POS_0006_Calque-1-300x300.jpg);'><\/span><\/div><div  class='slide-entry av-1li2-a2204a07c7cc09fca016fa0cdc53c3f4 flex_column no_margin av_one_seventh real-thumbnail post-entry slide-entry-overview slide-loop-2 slide-parity-even  '><span class='av-partner-fake-img' style='padding-bottom:100%; background-image:url(https:\/\/staging.atomic.games\/wp-content\/uploads\/2025\/09\/POS_0000_Calque-7-300x300.jpg);'><\/span><\/div><div  class='slide-entry av-3innu-67b891bf5fb218c5fb02231f4d19e2b4 flex_column no_margin av_one_seventh real-thumbnail post-entry slide-entry-overview slide-loop-3 slide-parity-odd  '><span class='av-partner-fake-img' style='padding-bottom:100%; background-image:url(https:\/\/staging.atomic.games\/wp-content\/uploads\/2025\/09\/POS_0002_Calque-5-300x300.jpg);'><\/span><\/div><div  class='slide-entry av-2x06q-23e8cc728e62012b535207fc3f5e1772 flex_column no_margin av_one_seventh real-thumbnail post-entry slide-entry-overview slide-loop-4 slide-parity-even  '><span class='av-partner-fake-img' style='padding-bottom:100%; background-image:url(https:\/\/staging.atomic.games\/wp-content\/uploads\/2025\/09\/POS_0003_Calque-4-300x300.jpg);'><\/span><\/div><div  class='slide-entry av-2bm7a-3c044ed5a1026260cb912007220374c4 flex_column no_margin av_one_seventh real-thumbnail post-entry slide-entry-overview slide-loop-5 slide-parity-odd  '><span class='av-partner-fake-img' style='padding-bottom:100%; background-image:url(https:\/\/staging.atomic.games\/wp-content\/uploads\/2025\/09\/POS_0004_Calque-3-300x300.jpg);'><\/span><\/div><div  class='slide-entry av-dv8u-39ed72a28808ad6528550e4d33e804f2 flex_column no_margin av_one_seventh real-thumbnail post-entry slide-entry-overview slide-loop-6 slide-parity-even  '><span class='av-partner-fake-img' style='padding-bottom:100%; background-image:url(https:\/\/staging.atomic.games\/wp-content\/uploads\/2025\/09\/POS_0001_Calque-6-300x300.jpg);'><\/span><\/div><div  class='slide-entry av-1efoi-270b46aefb9d4f586c962535ab966861 flex_column no_margin av_one_seventh real-thumbnail post-entry slide-entry-overview slide-loop-7 slide-parity-odd post-entry-last '><span class='av-partner-fake-img' style='padding-bottom:100%; background-image:url(https:\/\/staging.atomic.games\/wp-content\/uploads\/2025\/09\/POS_0005_Calque-2-300x300.jpg);'><\/span><\/div><\/div><\/div><\/div>\n\n","protected":false},"excerpt":{"rendered":"","protected":false},"author":1,"featured_media":0,"parent":0,"menu_order":0,"comment_status":"closed","ping_status":"closed","template":"","meta":{"footnotes":""},"class_list":["post-22","page","type-page","status-publish","hentry"],"yoast_head":"<!-- This site is optimized with the Yoast SEO plugin v26.0 - https:\/\/yoast.com\/wordpress\/plugins\/seo\/ -->\n<title>Home 2026 - Site Title<\/title>\n<meta name=\"robots\" content=\"index, follow, max-snippet:-1, max-image-preview:large, max-video-preview:-1\" \/>\n<link rel=\"canonical\" href=\"https:\/\/staging.atomic.games\/?page_id=22\" \/>\n<meta property=\"og:locale\" content=\"en_US\" \/>\n<meta property=\"og:type\" content=\"article\" \/>\n<meta property=\"og:title\" content=\"Home 2026 - Site Title\" \/>\n<meta property=\"og:url\" content=\"https:\/\/staging.atomic.games\/?page_id=22\" \/>\n<meta property=\"og:site_name\" content=\"Site Title\" \/>\n<meta property=\"article:modified_time\" content=\"2025-09-27T09:07:57+00:00\" \/>\n<meta name=\"twitter:card\" content=\"summary_large_image\" \/>\n<meta name=\"twitter:label1\" content=\"Est. reading time\" \/>\n\t<meta name=\"twitter:data1\" content=\"2 minutes\" \/>\n<script type=\"application\/ld+json\" class=\"yoast-schema-graph\">{\"@context\":\"https:\/\/schema.org\",\"@graph\":[{\"@type\":\"WebPage\",\"@id\":\"https:\/\/staging.atomic.games\/?page_id=22\",\"url\":\"https:\/\/staging.atomic.games\/?page_id=22\",\"name\":\"Home 2026 - Site Title\",\"isPartOf\":{\"@id\":\"https:\/\/staging.atomic.games\/#website\"},\"datePublished\":\"2025-09-27T08:27:56+00:00\",\"dateModified\":\"2025-09-27T09:07:57+00:00\",\"breadcrumb\":{\"@id\":\"https:\/\/staging.atomic.games\/?page_id=22#breadcrumb\"},\"inLanguage\":\"en-US\",\"potentialAction\":[{\"@type\":\"ReadAction\",\"target\":[\"https:\/\/staging.atomic.games\/?page_id=22\"]}]},{\"@type\":\"BreadcrumbList\",\"@id\":\"https:\/\/staging.atomic.games\/?page_id=22#breadcrumb\",\"itemListElement\":[{\"@type\":\"ListItem\",\"position\":1,\"name\":\"Home\",\"item\":\"https:\/\/staging.atomic.games\/?page_id=22\"},{\"@type\":\"ListItem\",\"position\":2,\"name\":\"Home 2026\"}]},{\"@type\":\"WebSite\",\"@id\":\"https:\/\/staging.atomic.games\/#website\",\"url\":\"https:\/\/staging.atomic.games\/\",\"name\":\"Site Title\",\"description\":\"\",\"potentialAction\":[{\"@type\":\"SearchAction\",\"target\":{\"@type\":\"EntryPoint\",\"urlTemplate\":\"https:\/\/staging.atomic.games\/?s={search_term_string}\"},\"query-input\":{\"@type\":\"PropertyValueSpecification\",\"valueRequired\":true,\"valueName\":\"search_term_string\"}}],\"inLanguage\":\"en-US\"}]}<\/script>\n<!-- \/ Yoast SEO plugin. -->","yoast_head_json":{"title":"Home 2026 - Site Title","robots":{"index":"index","follow":"follow","max-snippet":"max-snippet:-1","max-image-preview":"max-image-preview:large","max-video-preview":"max-video-preview:-1"},"canonical":"https:\/\/staging.atomic.games\/?page_id=22","og_locale":"en_US","og_type":"article","og_title":"Home 2026 - Site Title","og_url":"https:\/\/staging.atomic.games\/?page_id=22","og_site_name":"Site Title","article_modified_time":"2025-09-27T09:07:57+00:00","twitter_card":"summary_large_image","twitter_misc":{"Est. reading time":"2 minutes"},"schema":{"@context":"https:\/\/schema.org","@graph":[{"@type":"WebPage","@id":"https:\/\/staging.atomic.games\/?page_id=22","url":"https:\/\/staging.atomic.games\/?page_id=22","name":"Home 2026 - Site Title","isPartOf":{"@id":"https:\/\/staging.atomic.games\/#website"},"datePublished":"2025-09-27T08:27:56+00:00","dateModified":"2025-09-27T09:07:57+00:00","breadcrumb":{"@id":"https:\/\/staging.atomic.games\/?page_id=22#breadcrumb"},"inLanguage":"en-US","potentialAction":[{"@type":"ReadAction","target":["https:\/\/staging.atomic.games\/?page_id=22"]}]},{"@type":"BreadcrumbList","@id":"https:\/\/staging.atomic.games\/?page_id=22#breadcrumb","itemListElement":[{"@type":"ListItem","position":1,"name":"Home","item":"https:\/\/staging.atomic.games\/?page_id=22"},{"@type":"ListItem","position":2,"name":"Home 2026"}]},{"@type":"WebSite","@id":"https:\/\/staging.atomic.games\/#website","url":"https:\/\/staging.atomic.games\/","name":"Site Title","description":"","potentialAction":[{"@type":"SearchAction","target":{"@type":"EntryPoint","urlTemplate":"https:\/\/staging.atomic.games\/?s={search_term_string}"},"query-input":{"@type":"PropertyValueSpecification","valueRequired":true,"valueName":"search_term_string"}}],"inLanguage":"en-US"}]}},"_links":{"self":[{"href":"https:\/\/staging.atomic.games\/index.php?rest_route=\/wp\/v2\/pages\/22","targetHints":{"allow":["GET"]}}],"collection":[{"href":"https:\/\/staging.atomic.games\/index.php?rest_route=\/wp\/v2\/pages"}],"about":[{"href":"https:\/\/staging.atomic.games\/index.php?rest_route=\/wp\/v2\/types\/page"}],"author":[{"embeddable":true,"href":"https:\/\/staging.atomic.games\/index.php?rest_route=\/wp\/v2\/users\/1"}],"replies":[{"embeddable":true,"href":"https:\/\/staging.atomic.games\/index.php?rest_route=%2Fwp%2Fv2%2Fcomments&post=22"}],"version-history":[{"count":4,"href":"https:\/\/staging.atomic.games\/index.php?rest_route=\/wp\/v2\/pages\/22\/revisions"}],"predecessor-version":[{"id":41,"href":"https:\/\/staging.atomic.games\/index.php?rest_route=\/wp\/v2\/pages\/22\/revisions\/41"}],"wp:attachment":[{"href":"https:\/\/staging.atomic.games\/index.php?rest_route=%2Fwp%2Fv2%2Fmedia&parent=22"}],"curies":[{"name":"wp","href":"https:\/\/api.w.org\/{rel}","templated":true}]}}